{"id":921,"date":"2017-12-23T18:10:36","date_gmt":"2017-12-23T18:10:36","guid":{"rendered":"http:\/\/ulysse.pro\/?page_id=921"},"modified":"2018-05-11T18:07:23","modified_gmt":"2018-05-11T18:07:23","slug":"days-are-dogs","status":"publish","type":"page","link":"https:\/\/ulysse.pro\/?page_id=921","title":{"rendered":"Days are Dogs \/ Le Palais de Tokyo \u00e0 360\u00b0"},"content":{"rendered":"<p><iframe loading=\"lazy\" width=\"1080\" height=\"608\" src=\"https:\/\/www.youtube.com\/embed\/OwqOqjT1PNo?feature=oembed\" frameborder=\"0\" allow=\"autoplay; encrypted-media\" allowfullscreen><\/iframe><\/p>\n<p>Palais de Tokyo, exposition Days are Dogs.<\/p>\n<p>R\u00e9alisation &#8211; Ulysse Dikoum\u00e9 Alechinsky &amp; Yann Cainjo<\/p>\n<p>Op\u00e9rateurs cam\u00e9ras (Insta360pro \/ Omni) &#8211;\u00a0Ulysse Dikoum\u00e9 Alechinsky &amp; Yann Cainjo<\/p>\n<p>Post-prod &#8211; Ulysse Dikoum\u00e9 Alechinsky<\/p>\n<p>Article :\u00a0<a href=\"http:\/\/www.spaceinvr.fr\/portfolio_page\/days-are-dogs-palais-de-tokyo\/\">http:\/\/www.spaceinvr.fr\/portfolio_page\/days-are-dogs-palais-de-tokyo\/<\/a><\/p>\n","protected":false},"excerpt":{"rendered":"<p>Palais de Tokyo, exposition Days are Dogs. R\u00e9alisation &#8211; Ulysse Dikoum\u00e9 Alechinsky &amp; Yann Cainjo Op\u00e9rateurs cam\u00e9ras (Insta360pro \/ Omni) &#8211;\u00a0Ulysse Dikoum\u00e9 Alechinsky &amp; Yann Cainjo Post-prod &#8211; Ulysse Dikoum\u00e9 Alechinsky Article :\u00a0http:\/\/www.spaceinvr.fr\/portfolio_page\/days-are-dogs-palais-de-tokyo\/<\/p>\n","protected":false},"author":3,"featured_media":0,"parent":0,"menu_order":0,"comment_status":"closed","ping_status":"closed","template":"","meta":{"footnotes":""},"class_list":["post-921","page","type-page","status-publish","hentry"],"aioseo_notices":[],"_links":{"self":[{"href":"https:\/\/ulysse.pro\/index.php?rest_route=\/wp\/v2\/pages\/921","targetHints":{"allow":["GET"]}}],"collection":[{"href":"https:\/\/ulysse.pro\/index.php?rest_route=\/wp\/v2\/pages"}],"about":[{"href":"https:\/\/ulysse.pro\/index.php?rest_route=\/wp\/v2\/types\/page"}],"author":[{"embeddable":true,"href":"https:\/\/ulysse.pro\/index.php?rest_route=\/wp\/v2\/users\/3"}],"replies":[{"embeddable":true,"href":"https:\/\/ulysse.pro\/index.php?rest_route=%2Fwp%2Fv2%2Fcomments&post=921"}],"version-history":[{"count":7,"href":"https:\/\/ulysse.pro\/index.php?rest_route=\/wp\/v2\/pages\/921\/revisions"}],"predecessor-version":[{"id":949,"href":"https:\/\/ulysse.pro\/index.php?rest_route=\/wp\/v2\/pages\/921\/revisions\/949"}],"wp:attachment":[{"href":"https:\/\/ulysse.pro\/index.php?rest_route=%2Fwp%2Fv2%2Fmedia&parent=921"}],"curies":[{"name":"wp","href":"https:\/\/api.w.org\/{rel}","templated":true}]}}