{"id":769,"date":"2016-11-15T05:44:22","date_gmt":"2016-11-15T05:44:22","guid":{"rendered":"http:\/\/ulysse.pro\/?page_id=769"},"modified":"2024-12-18T16:12:54","modified_gmt":"2024-12-18T16:12:54","slug":"rouladakar","status":"publish","type":"page","link":"https:\/\/ulysse.pro\/?page_id=769","title":{"rendered":"ROUL\u00c0DAKAR"},"content":{"rendered":"<p><iframe loading=\"lazy\" title=\"ROUL\u00c0DAKAR film, BMX project in AFRICA\" src=\"https:\/\/player.vimeo.com\/video\/174658387?dnt=1&amp;app_id=122963\" width=\"1080\" height=\"608\" frameborder=\"0\" allow=\"autoplay; fullscreen; picture-in-picture; clipboard-write\"><\/iframe><\/p>\n<p class=\"first\">Un film de Ulysse Dikoum\u00e9 A.<\/p>\n<p>Documentaire retra\u00e7ant l&rsquo;aventure de 4 jeunes passionn\u00e9s et investis depuis une dizaine d\u2019ann\u00e9es dans le milieu des sports urbains en FRANCE, leurs objectifs \u00ab\u00a0Partager et d\u00e9velopper la pratique du BMX au-del\u00e0 des fronti\u00e8res\u00a0\u00bb.<br \/>\nROUL\u00c0DAKAR est un projet solidaire international ayant pour but de d\u00e9velopper les pratiques sportives urbaines \u00e0 DAKAR \/ AFRIQUE par la d\u00e9couverte du BMX. Nous sommes all\u00e9s \u00e0 la rencontre des jeunes S\u00e9n\u00e9galais, pour partager nos exp\u00e9riences.<\/p>\n<p>\u00abNous sommes fi\u00e8res d\u2019avoir laiss\u00e9 derri\u00e8re nous la premi\u00e8re piste de BMX d\u2019Afrique noire&#8230;\u00bb<\/p>\n<p>Aujourd&rsquo;hui, le Village Pilote des enfants de la rue souhaite que nous revenions faire de l&rsquo;action et construire une autre piste de BMX au coeur de la brousse S\u00e9n\u00e9galaise &#8230; Peut-\u00eatre un ROUL\u00c0DAKAR 2 &#8230;<\/p>\n<p>&#8230;&#8230;&#8230;&#8230;&#8230;.<br \/>\nCollective ROUL\u00c0DAKAR ,<br \/>\nPassionate and invested for ten years in the midst of urban sports in Nantes, we wanted to share and develop our passion beyond borders.<\/p>\n<p>ROUL\u00c0DAKAR is an international solidarity project to help develop urban sports in DAKAR \/ AFRICA by the discovery of BMX . We went to meet the young Senegalese, to share our experiences.<\/p>\n<p>\u00ab\u00a0We are proud to have left behind<br \/>\nthe first BMX track in Black Africa \u2026 \u00a0\u00bb<\/p>\n<p>Ibrahima-Yann M\u2019BOW<br \/>\nAlexandre PRENVEILLE<br \/>\nUlysse DIKOUM\u00e9 ALECHINSKY<br \/>\nPierre TORTEREAU<\/p>\n<p>REMERCIEMENTS aux 100 contributeurs et partenaires du Crowdfunding\u00a0<a href=\"https:\/\/fr.ulule.com\/rouladakar-2016\/\">https:\/\/fr.ulule.com\/rouladakar-2016\/<\/a> (Soul BMX mag, Unity4ride, Kitchen bike, UCNA, Dilysconcept, Fractal crew) ayant rendus ce projet possible. Merci \u00e0 la Ville de NANTES pour son soutien. Chapitre1 \/ L\u2019aventure continue &#8230;<br \/>\nRejoignez nous sur Facebook &gt; <a href=\"http:\/\/facebook.com\/rouladakar\/\" target=\"_blank\" rel=\"nofollow noopener noreferrer\">facebook.com\/rouladakar\/<\/a><\/p>\n<p>Articles:<\/p>\n<p><a href=\"https:\/\/psbmx.com\/2016\/07\/28\/bmx-film-project-africa-rouladakar\/\">https:\/\/psbmx.com\/2016\/07\/28\/bmx-film-project-africa-rouladakar\/<\/a><\/p>\n<p><a href=\"https:\/\/www.bmx2day.com\/rouladakar-2016-de-nantes-a-dakar\/\">https:\/\/www.bmx2day.com\/rouladakar-2016-de-nantes-a-dakar\/<\/a><\/p>\n<p><a href=\"http:\/\/soulbmxmag.com\/article\/rouladakar-le-teaser\">http:\/\/soulbmxmag.com\/article\/rouladakar-le-teaser<\/a><\/p>\n<p><a href=\"https:\/\/rideukbmx.com\/videos\/rouladakar-taking-bmx-dakar.html\">https:\/\/rideukbmx.com\/videos\/rouladakar-taking-bmx-dakar.html<\/a><\/p>\n<p><a href=\"http:\/\/www.telenantes.com\/sports\/documentaire\/article\/rouladakar-un-documentaire-de-ulysse-dikoume-alechinsky\">http:\/\/www.telenantes.com\/sports\/documentaire\/article\/rouladakar-un-documentaire-de-ulysse-dikoume-alechinsky<\/a><\/p>\n<p><a href=\"http:\/\/licencies.ucna.fr\/news-bmx-dakar-avec-le-collectif-rouladakar\/\">http:\/\/licencies.ucna.fr\/news-bmx-dakar-avec-le-collectif-rouladakar\/<\/a><\/p>\n<p><a href=\"http:\/\/www.au-senegal.com\/rouladakar-2016,12181.html?lang=fr\">http:\/\/www.au-senegal.com\/rouladakar-2016,12181.html?lang=fr<\/a><\/p>\n<p><a href=\"https:\/\/isefactunews.wixsite.com\/isefacnantes\/single-post\/2017\/02\/28\/Rouladakar\">https:\/\/isefactunews.wixsite.com\/isefacnantes\/single-post\/2017\/02\/28\/Rouladakar<\/a><\/p>\n<p><a href=\"https:\/\/www.mapado.com\/nantes\/rouladakar-film-avant-premiere-et-exposition\">https:\/\/www.mapado.com\/nantes\/rouladakar-film-avant-premiere-et-exposition<\/a><\/p>\n<p><a href=\"https:\/\/www.lyceemermozdakar.org\/UNSS+Archives\/UNSS+-+Archives+2015-2016\">https:\/\/www.lyceemermozdakar.org\/UNSS+Archives\/UNSS+-+Archives+2015-2016<\/a><\/p>\n<p><a href=\"http:\/\/www.videoland.top\/?id=fbE53EMHIB0\">http:\/\/www.videoland.top\/?id=fbE53EMHIB0<\/a><\/p>\n<p><a href=\"https:\/\/en-us.fievent.com\/e\/rouladakar-film-avant-premiere-et-exposition\/3349196\">https:\/\/en-us.fievent.com\/e\/rouladakar-film-avant-premiere-et-exposition\/3349196<\/a><\/p>\n<p>Dur\u00e9e m\u00e9trage: 1h00min 25s<\/p>\n<p>Musiques:<\/p>\n<p>KEURGUI . Deloussil<br \/>\nWORKERS . OG Dujardin<br \/>\nFATA feat Wally SECK . Ngente<br \/>\nQueen Biz . Trahison<br \/>\nWORKERS . Until the week-end<br \/>\nBen MAKER . Origins<br \/>\nWORKERS . Cleopatre<br \/>\nCYGN . So creamy so dreamy<br \/>\nKAYLOO . Mas Que Nada<br \/>\nBen MAKER . Good vibes<br \/>\nBen MAKER . Escape<\/p>\n<p>Sous-titres Anglais:<\/p>\n<p>Adam HOLMES<\/p>\n<p>R\u00e9alisation, Images et Montage:<\/p>\n<p>Ulysse Dikoum\u00e9 Alechinsky.<br \/>\n<a href=\"https:\/\/www.instagram.com\/ulysse_d_a\/\">@ulysse_d_a\u00a0<\/a><\/p>\n","protected":false},"excerpt":{"rendered":"<p>Un film de Ulysse Dikoum\u00e9 A. Documentaire retra\u00e7ant l&rsquo;aventure de 4 jeunes passionn\u00e9s et investis depuis une dizaine d\u2019ann\u00e9es dans le milieu des sports urbains en FRANCE, leurs objectifs \u00ab\u00a0Partager et d\u00e9velopper la pratique du BMX au-del\u00e0 des fronti\u00e8res\u00a0\u00bb. ROUL\u00c0DAKAR est un projet solidaire international ayant pour but de d\u00e9velopper les pratiques sportives urbaines \u00e0 [&hellip;]<\/p>\n","protected":false},"author":3,"featured_media":0,"parent":0,"menu_order":0,"comment_status":"closed","ping_status":"closed","template":"","meta":{"footnotes":""},"class_list":["post-769","page","type-page","status-publish","hentry"],"aioseo_notices":[],"_links":{"self":[{"href":"https:\/\/ulysse.pro\/index.php?rest_route=\/wp\/v2\/pages\/769","targetHints":{"allow":["GET"]}}],"collection":[{"href":"https:\/\/ulysse.pro\/index.php?rest_route=\/wp\/v2\/pages"}],"about":[{"href":"https:\/\/ulysse.pro\/index.php?rest_route=\/wp\/v2\/types\/page"}],"author":[{"embeddable":true,"href":"https:\/\/ulysse.pro\/index.php?rest_route=\/wp\/v2\/users\/3"}],"replies":[{"embeddable":true,"href":"https:\/\/ulysse.pro\/index.php?rest_route=%2Fwp%2Fv2%2Fcomments&post=769"}],"version-history":[{"count":9,"href":"https:\/\/ulysse.pro\/index.php?rest_route=\/wp\/v2\/pages\/769\/revisions"}],"predecessor-version":[{"id":1347,"href":"https:\/\/ulysse.pro\/index.php?rest_route=\/wp\/v2\/pages\/769\/revisions\/1347"}],"wp:attachment":[{"href":"https:\/\/ulysse.pro\/index.php?rest_route=%2Fwp%2Fv2%2Fmedia&parent=769"}],"curies":[{"name":"wp","href":"https:\/\/api.w.org\/{rel}","templated":true}]}}