{"id":135,"date":"2014-01-30T15:27:12","date_gmt":"2014-01-30T14:27:12","guid":{"rendered":"http:\/\/design-sauvage.fr\/?page_id=135"},"modified":"2026-02-16T18:34:14","modified_gmt":"2026-02-16T18:34:14","slug":"biography","status":"publish","type":"page","link":"https:\/\/ulysse.pro\/?page_id=135","title":{"rendered":"About me"},"content":{"rendered":"<p><strong><em><a href=\"http:\/\/ulysse.pro\/wp-content\/uploads\/2023\/11\/52733560_1313099875503869_1683660547632922624_n.jpg\"><img loading=\"lazy\" decoding=\"async\" class=\"size-medium wp-image-1188 aligncenter\" src=\"http:\/\/ulysse.pro\/wp-content\/uploads\/2023\/11\/52733560_1313099875503869_1683660547632922624_n-300x200.jpg\" alt=\"\" width=\"300\" height=\"200\" srcset=\"https:\/\/ulysse.pro\/wp-content\/uploads\/2023\/11\/52733560_1313099875503869_1683660547632922624_n-300x200.jpg 300w, https:\/\/ulysse.pro\/wp-content\/uploads\/2023\/11\/52733560_1313099875503869_1683660547632922624_n-1024x683.jpg 1024w, https:\/\/ulysse.pro\/wp-content\/uploads\/2023\/11\/52733560_1313099875503869_1683660547632922624_n-768x512.jpg 768w, https:\/\/ulysse.pro\/wp-content\/uploads\/2023\/11\/52733560_1313099875503869_1683660547632922624_n-1536x1024.jpg 1536w, https:\/\/ulysse.pro\/wp-content\/uploads\/2023\/11\/52733560_1313099875503869_1683660547632922624_n-1920x1280.jpg 1920w\" sizes=\"auto, (max-width: 300px) 100vw, 300px\" \/><\/a><\/em><\/strong><\/p>\n<p class=\"p1\" style=\"text-align: center;\"><strong><em>R\u00e9alisateur ind\u00e9pendant et monteur truquiste de formation, j&rsquo;aime filmer et m&rsquo;inspirer de ce qui m&rsquo;entoure. Pratiquant de sports extr\u00eames et d&rsquo;arts martiaux je suis toujours \u00e0 la recherche du mouvement, que ce soit derri\u00e8re la cam\u00e9ra et dans la vie en g\u00e9n\u00e9ral.<\/em><\/strong><br \/>\n<strong><em>Ulysse Dikoum\u00e9 Alechinsky<\/em><\/strong><\/p>\n<p>. R\u00e9alisation &amp; \u00e9criture de projets audiovisuels.<br \/>\n. Op\u00e9rateur Cam\u00e9ra, dslr et work flow cam\u00e9ras cin\u00e9ma. (Formation cam\u00e9ras cin\u00e9ma Red et Arri chez Panavision \u00e0 Paris)<br \/>\n. Tourner et postproduire en 360\/VR. (Formation Vid\u00e9odesign \u00e0 Paris)<br \/>\n. Montage vid\u00e9o sur Final cut pro, FCPX, Adobe premi\u00e8re pro, After effects, Davinci Resolve, Color. (Formation Les Arts Filmiques \u00e0 Nantes)<br \/>\n. Op\u00e9rateur drone avec + de 13 ans d&rsquo;XP. Cr\u00e9ation de la premi\u00e8re entreprise de prises de vues a\u00e9riennes du Grand-Ouest en 2010 (Dilysconcept) du ballon dirigeable RC (zeppelin), en passant par l&rsquo;avion RC et les premiers drones. J&rsquo;ai \u00e9t\u00e9 form\u00e9 au pilotage RC d&rsquo;avions et zeppelins en 2010 par VisioFly \u00e0 Annecy.<\/p>\n<p>. Steadicamer (Roller) + de 10 ans de pratique en street park.<\/p>\n<p>. Notions mapping sur les logiciels Resolume et Mad mapper (formation SAT Montr\u00e9al).<br \/>\n. Rider VTT, + de 20 ans de pratique (Dipl\u00f4m\u00e9 d&rsquo;\u00e9tat Dejeps VTT en 2023), vtt de descente (team pays de la loire \/ comp\u00e9titions inter-regions \/ coupe de Bretagne \/ coupe de France), dirt, street et enduro.<\/p>\n<p>. Muay Tha\u00ef, + de 10 ans de pratique amateur et galas inter-clubs (plusieurs mois en Tha\u00eflande), avant \u00e7a, pratique du Judo, Karat\u00e9 et A\u00efkido.<\/p>\n<p>Mon exp\u00e9rience me permet de travailler dans diff\u00e9rents univers.<br \/>\nFilms corporatifs, documentaires, \u00e9v\u00e9nementiels, TV, courts-m\u00e9trages, clips et pubs.<\/p>\n<p>S\u00e9lectionn\u00e9 aux Face \u00e0 Face de la rel\u00e8ve (10 r\u00e9alisateurs par an) dans le cadre du festival des RIDM (Rencontres internationales du documentaire de Montr\u00e9al) J&rsquo;ai eu la chance de rencontrer et d&rsquo;\u00eatre form\u00e9 au pitch par des producteurs \u00e9tablis au Canada.\u00a0 <a href=\"http:\/\/www.ridm.qc.ca\/fr\/doccircuitmontreal\/activites2015\/fafr\">http:\/\/www.ridm.qc.ca\/fr\/doccircuitmontreal\/activites2015\/fafr<\/a><\/p>\n<p>Cr\u00e9ateur associ\u00e9 du collectif <em><strong>ROUL\u00c0DAKAR<\/strong><\/em> (d\u00e9but 2016), avec Alex Prenveille et Ibrahima-Yann Mbow. (DIY, solidaire, sport extr\u00eame, pas de fronti\u00e8res) <a href=\"http:\/\/rouladakar.tumblr.com\/\">http:\/\/rouladakar.tumblr.com\/<\/a>\u00a0\u00a0<a href=\"https:\/\/www.facebook.com\/rouladakar\/\">https:\/\/www.facebook.com\/rouladakar\/<\/a><\/p>\n<p>Cr\u00e9ateur du collectif <em><strong>Fractal crew<\/strong><\/em> en 2012 (BMX, Skate, Blading, Solidarity project, DIY). Plus de 35 vid\u00e9os ind\u00e9pendantes produites \u00e0 but non-lucratif\u00a0 <a href=\"https:\/\/www.facebook.com\/Fractalcrew\/\">https:\/\/www.facebook.com\/Fractalcrew\/<\/a><\/p>\n<p>Fondateur des <em><strong>Minutes Nantaises<\/strong><\/em> (mars 2014). Rendez-vous dans des lieux insolites pour partager, et d\u00e9couvrir des cr\u00e9ations sous un format d&rsquo;UNE minute.\u00a0Ouvert aux PASSIONN\u00e9s \u00a0\u00bb professionnels, \u00e9tudiants et amateurs\u00a0\u00bb. Histoire de passer un bon moment de d\u00e9couverte,<br \/>\net d&rsquo;\u00e9changes sans pr\u00e9ssions ni jugements. Fiction, exp\u00e9rimental, animation, com\u00e9die, VJ, docu, mapping, VR etc.<br \/>\nTout est possible ! Les participants sont nos invit\u00e9s.\u00a0<a href=\"https:\/\/www.facebook.com\/lesminutesnantaises\/\">https:\/\/www.facebook.com\/lesminutesnantaises\/<\/a><\/p>\n","protected":false},"excerpt":{"rendered":"<p>R\u00e9alisateur ind\u00e9pendant et monteur truquiste de formation, j&rsquo;aime filmer et m&rsquo;inspirer de ce qui m&rsquo;entoure. Pratiquant de sports extr\u00eames et d&rsquo;arts martiaux je suis toujours \u00e0 la recherche du mouvement, que ce soit derri\u00e8re la cam\u00e9ra et dans la vie en g\u00e9n\u00e9ral. Ulysse Dikoum\u00e9 Alechinsky . R\u00e9alisation &amp; \u00e9criture de projets audiovisuels. . Op\u00e9rateur Cam\u00e9ra, [&hellip;]<\/p>\n","protected":false},"author":3,"featured_media":0,"parent":0,"menu_order":0,"comment_status":"closed","ping_status":"closed","template":"","meta":{"footnotes":""},"class_list":["post-135","page","type-page","status-publish","hentry"],"aioseo_notices":[],"_links":{"self":[{"href":"https:\/\/ulysse.pro\/index.php?rest_route=\/wp\/v2\/pages\/135","targetHints":{"allow":["GET"]}}],"collection":[{"href":"https:\/\/ulysse.pro\/index.php?rest_route=\/wp\/v2\/pages"}],"about":[{"href":"https:\/\/ulysse.pro\/index.php?rest_route=\/wp\/v2\/types\/page"}],"author":[{"embeddable":true,"href":"https:\/\/ulysse.pro\/index.php?rest_route=\/wp\/v2\/users\/3"}],"replies":[{"embeddable":true,"href":"https:\/\/ulysse.pro\/index.php?rest_route=%2Fwp%2Fv2%2Fcomments&post=135"}],"version-history":[{"count":138,"href":"https:\/\/ulysse.pro\/index.php?rest_route=\/wp\/v2\/pages\/135\/revisions"}],"predecessor-version":[{"id":1361,"href":"https:\/\/ulysse.pro\/index.php?rest_route=\/wp\/v2\/pages\/135\/revisions\/1361"}],"wp:attachment":[{"href":"https:\/\/ulysse.pro\/index.php?rest_route=%2Fwp%2Fv2%2Fmedia&parent=135"}],"curies":[{"name":"wp","href":"https:\/\/api.w.org\/{rel}","templated":true}]}}