{"id":1055,"date":"2019-08-24T16:34:01","date_gmt":"2019-08-24T16:34:01","guid":{"rendered":"http:\/\/ulysse.pro\/?page_id=1055"},"modified":"2024-10-14T17:39:37","modified_gmt":"2024-10-14T17:39:37","slug":"references","status":"publish","type":"page","link":"https:\/\/ulysse.pro\/?page_id=1055","title":{"rendered":"R\u00e9f\u00e9rences"},"content":{"rendered":"\n<p class=\"has-medium-font-size\"><\/p>\n\n\n\n<p><a href=\"https:\/\/www.viviroma.tv\/agenda\/eventi\/vertical-movie-festival-2021\/\">Vertical Movie Festival 2021 &#8211; VIVIROMA<\/a><\/p>\n\n\n\n<p><a href=\"https:\/\/ridm.ca\/uploads\/document\/dcm_2015_web.pdf\">https:\/\/ridm.ca\/uploads\/document\/dcm_2015_web.pdf<\/a><\/p>\n\n\n\n<p><a href=\"https:\/\/nantes.maville.com\/actu\/actudet_-nantes.-sur-l-ile-de-nantes-les-anciennes-halles-alstom-transfigurees-video-_52716-3666143_actu.Htm\">Nantes. Sur l&rsquo;\u00eele de Nantes les anciennes Halles Alstom transfigur\u00e9es (VID\u00c9O) &#8211; Nantes.maville.com<\/a><\/p>\n\n\n\n<p><a href=\"https:\/\/nantesdigitalweek.com\/le-programme-du-festival\/\">Programmation 2022 &#8211; Nantes Digital Week<\/a><\/p>\n\n\n\n<p><a href=\"https:\/\/docplayer.fr\/23272846-14-18-nov-doc-circuit-montreal-marche-du-documentaire-documentary-marketplace-doccircuitmontreal-ca.html\">https:\/\/docplayer.fr\/23272846-14-18-nov-doc-circuit-montreal-marche-du-documentaire-documentary-marketplace-doccircuitmontreal-ca.html<\/a><\/p>\n\n\n\n<p><a href=\"https:\/\/www.images-et-reseaux.com\/agenda\/totem-nantes-digital-week\/\">TOTEM (Nantes Digital Week) &#8211; P\u00f4le Images &amp; R\u00e9seaux<\/a><\/p>\n\n\n\n<p><a href=\"https:\/\/www.maysles.org\/28th-nyaff\">28th NYAFF \u2014 maysles documentary center<\/a><\/p>\n\n\n\n<p><a href=\"https:\/\/www.iledenantes.com\/wp-content\/uploads\/2019\/04\/dp-experiment-film-mars2019.pdf\">https:\/\/www.iledenantes.com\/wp-content\/uploads\/2019\/04\/dp-experiment-film-mars2019.pdf<\/a><\/p>\n\n\n\n<p><a href=\"https:\/\/rideukbmx.com\/videos\/rouladakar-taking-bmx-dakar.html\">ROULADAKAR: Taking BMX to Dakar | Ride UK BMX<\/a><\/p>\n\n\n\n<p><a href=\"https:\/\/cinepobre.org\/profile\/ulysse-dikoume-alechinsky\/4539\/\">Cine Pobre contributor Ulysse Dikoum\u00e9 Alechinsky<\/a><\/p>\n\n\n\n<p><a href=\"https:\/\/tube.troopers.agency\/videos\/watch\/b5bfa711-044b-4708-a803-d54943974252\">S\u00e9bastien Guitton est Engag\u00e9 ! &#8211; Troopers Tube<\/a><\/p>\n\n\n\n<p><a href=\"https:\/\/www.novabuild.fr\/actualites\/festival-reperages-ville-cinema-cine-debat-ville-comme-terrain-jeu\">https:\/\/www.novabuild.fr\/actualites\/festival-reperages-ville-cinema-cine-debat-ville-comme-terrain-jeu<\/a><\/p>\n\n\n\n<p><a href=\"https:\/\/www.schwaebische.de\/regional\/oberschwaben\/ravensburg\/arbeiten-von-pierre-alechinsky-ausgestellt-331329\">https:\/\/www.schwaebische.de\/regional\/oberschwaben\/ravensburg\/arbeiten-von-pierre-alechinsky-ausgestellt-331329<\/a><\/p>\n\n\n\n<p><a href=\"https:\/\/telenantes.ouest-france.fr\/sports\/documentaire\/article\/rouladakar-un-documentaire-de-ulysse-dikoume-alechinsky\">T\u00e9l\u00e9nantes &#8211; Roul\u00e0dakar, un documentaire de Ulysse Dikoum\u00e9 Alechinsky<\/a><\/p>\n\n\n\n<p><a href=\"https:\/\/africanfilmny.org\/directors\/ulysse-dikoume-alechinsky\/\">Alechinsky, Ulysse Dikoum\u00e9 | African Film Festival, Inc.<\/a><\/p>\n\n\n\n<p><a href=\"https:\/\/beauxartsnantes.fr\/fr\/international\/beaux-arts-international\">Beaux-Arts International<\/a><\/p>\n\n\n\n<p><a href=\"https:\/\/mobile.twitter.com\/pierre_antoine\">https:\/\/mobile.twitter.com\/pierre_antoine<\/a><\/p>\n\n\n\n<p><a href=\"https:\/\/www.nature-graphique.com\/mapping-video-cubes-web2day\/\">https:\/\/www.nature-graphique.com\/mapping-video-cubes-web2day\/<\/a><\/p>\n\n\n\n<figure class=\"wp-block-embed alignleft is-type-wp-embed is-provider-rapunchline-le-rap-fran-ais-sur-un-seul-site wp-block-embed-rapunchline-le-rap-fran-ais-sur-un-seul-site\"><div class=\"wp-block-embed__wrapper\">\n<blockquote class=\"wp-embedded-content\" data-secret=\"HcRYxfJZJ2\"><a href=\"https:\/\/rapunchline.fr\/clips\/coelho-yeyo.html\">Coelho &#8211; Yeyo<\/a><\/blockquote><iframe loading=\"lazy\" class=\"wp-embedded-content\" sandbox=\"allow-scripts\" security=\"restricted\" style=\"position: absolute; clip: rect(1px, 1px, 1px, 1px);\" title=\"\u00ab\u00a0Coelho &#8211; Yeyo\u00a0\u00bb &#8212; Rapunchline : Le rap fran\u00e7ais sur un seul site !\" src=\"https:\/\/rapunchline.fr\/clips\/coelho-yeyo.html\/embed#?secret=gT0vNI1Icb#?secret=HcRYxfJZJ2\" data-secret=\"HcRYxfJZJ2\" width=\"600\" height=\"338\" frameborder=\"0\" marginwidth=\"0\" marginheight=\"0\" scrolling=\"no\"><\/iframe>\n<\/div><\/figure>\n\n\n\n<p><a href=\"https:\/\/soulbmxmag.com\/search\/\">https:\/\/soulbmxmag.com\/search\/<\/a><\/p>\n\n\n\n<p><a href=\"https:\/\/www.radiofrance.fr\/mouv\/coelho-lache-yeyo-extrait-de-son-prochain-album-odyssee-1742807\">https:\/\/www.radiofrance.fr\/mouv\/coelho-lache-yeyo-extrait-de-son-prochain-album-odyssee-1742807<\/a><\/p>\n\n\n\n<figure class=\"wp-block-embed is-type-wp-embed is-provider-spaceinvr wp-block-embed-spaceinvr\"><div class=\"wp-block-embed__wrapper\">\n<blockquote class=\"wp-embedded-content\" data-secret=\"9Xf8tx2wYw\"><a href=\"https:\/\/www.spaceinvr.fr\/portfolio_page\/days-are-dogs-palais-de-tokyo\/\">DAYS ARE DOGS @ PALAIS DE TOKYO<\/a><\/blockquote><iframe loading=\"lazy\" class=\"wp-embedded-content\" sandbox=\"allow-scripts\" security=\"restricted\" style=\"position: absolute; clip: rect(1px, 1px, 1px, 1px);\" title=\"\u00ab\u00a0DAYS ARE DOGS @ PALAIS DE TOKYO\u00a0\u00bb &#8212; SPACEINVR\" src=\"https:\/\/www.spaceinvr.fr\/portfolio_page\/days-are-dogs-palais-de-tokyo\/embed\/#?secret=9Xf8tx2wYw\" data-secret=\"9Xf8tx2wYw\" width=\"600\" height=\"338\" frameborder=\"0\" marginwidth=\"0\" marginheight=\"0\" scrolling=\"no\"><\/iframe>\n<\/div><\/figure>\n\n\n\n<figure class=\"wp-block-embed is-type-wp-embed is-provider-wankr-magazine-v-3 wp-block-embed-wankr-magazine-v-3\"><div class=\"wp-block-embed__wrapper\">\nhttps:\/\/www.wankr.fr\/rouladakar\n<\/div><\/figure>\n\n\n\n<p><a href=\"https:\/\/www.vayaterra.com\/mundigo\/category\/adventure-travel\/\">https:\/\/www.vayaterra.com\/mundigo\/category\/adventure-travel\/<\/a><\/p>\n\n\n\n<figure class=\"wp-block-embed is-type-wp-embed is-provider-habitat-bulles wp-block-embed-habitat-bulles\"><div class=\"wp-block-embed__wrapper\">\nhttps:\/\/habitat-bulles.com\/un-film-sur-antti-lovag-en-preparation\/\n<\/div><\/figure>\n\n\n\n<p><a href=\"http:\/\/bibliotheque.museereattu.arles.fr\/index.php?lvl=categ_see&amp;id=295905\">http:\/\/bibliotheque.museereattu.arles.fr\/index.php?lvl=categ_see&amp;id=295905<\/a><\/p>\n\n\n\n<p><a href=\"http:\/\/street-tease.com\/frais\/1834-biclou-nantais.html\">http:\/\/street-tease.com\/frais\/1834-biclou-nantais.html<\/a><\/p>\n\n\n\n<figure class=\"wp-block-embed is-type-wp-embed is-provider-edmonton-short-film-festival wp-block-embed-edmonton-short-film-festival\"><div class=\"wp-block-embed__wrapper\">\nhttps:\/\/esff.ca\/film-makers\/2019-awards-and-adjudication-copy\n<\/div><\/figure>\n\n\n\n<p><a href=\"https:\/\/www.velovert.com\/news\/1358\/le-p1-en-videacuteo\">https:\/\/www.velovert.com\/news\/1358\/le-p1-en-videacuteo<\/a><\/p>\n\n\n\n<p><a href=\"https:\/\/watch.eventive.org\/nyafricanff\/play\/6018aa45e8de5400b6eedc2b\/601895423db118006e2c752f\">https:\/\/watch.eventive.org\/nyafricanff\/play\/6018aa45e8de5400b6eedc2b\/601895423db118006e2c752f<\/a><\/p>\n\n\n\n<p><a href=\"http:\/\/alejandrogomez.co\/la-fabrica-mancora.html\">http:\/\/alejandrogomez.co\/la-fabrica-mancora.html<\/a><\/p>\n\n\n\n<figure class=\"wp-block-embed is-type-wp-embed is-provider-le-bon-son wp-block-embed-le-bon-son\"><div class=\"wp-block-embed__wrapper\">\n<blockquote class=\"wp-embedded-content\" data-secret=\"nCGSM2OV11\"><a href=\"https:\/\/lebonson.org\/2020\/04\/27\/coelho-lodyssee-suit-son-cours-interview\/\">Coelho, l&rsquo;Odyss\u00e9e suit son cours | Interview<\/a><\/blockquote><iframe loading=\"lazy\" class=\"wp-embedded-content\" sandbox=\"allow-scripts\" security=\"restricted\" style=\"position: absolute; clip: rect(1px, 1px, 1px, 1px);\" title=\"\u00ab\u00a0Coelho, l&rsquo;Odyss\u00e9e suit son cours | Interview\u00a0\u00bb &#8212; Le Bon Son\" src=\"https:\/\/lebonson.org\/2020\/04\/27\/coelho-lodyssee-suit-son-cours-interview\/embed\/#?secret=U8PNTZhxSI#?secret=nCGSM2OV11\" data-secret=\"nCGSM2OV11\" width=\"600\" height=\"338\" frameborder=\"0\" marginwidth=\"0\" marginheight=\"0\" scrolling=\"no\"><\/iframe>\n<\/div><\/figure>\n\n\n\n<figure class=\"wp-block-embed is-type-rich is-provider-issuu wp-block-embed-issuu\"><div class=\"wp-block-embed__wrapper\">\n<div data-url=\"https:\/\/issuu.com\/sorry-mom\/docs\/smn1\" style=\"width: 1080px; height: 383px;\" class=\"issuuembed\"><\/div><script type=\"text\/javascript\" src=\"\/\/e.issuu.com\/embed.js\" async=\"true\"><\/script>\n<\/div><\/figure>\n\n\n\n<p><\/p>\n\n\n\n<p><\/p>\n\n\n\n<p><\/p>\n\n\n\n<figure class=\"wp-block-image size-full\"><a href=\"http:\/\/ulysse.pro\/wp-content\/uploads\/2023\/02\/Dicaprio-event.png\"><img loading=\"lazy\" decoding=\"async\" width=\"615\" height=\"609\" src=\"http:\/\/ulysse.pro\/wp-content\/uploads\/2023\/02\/Dicaprio-event.png\" alt=\"\" class=\"wp-image-1170\" srcset=\"https:\/\/ulysse.pro\/wp-content\/uploads\/2023\/02\/Dicaprio-event.png 615w, https:\/\/ulysse.pro\/wp-content\/uploads\/2023\/02\/Dicaprio-event-300x297.png 300w, https:\/\/ulysse.pro\/wp-content\/uploads\/2023\/02\/Dicaprio-event-150x150.png 150w\" sizes=\"auto, (max-width: 615px) 100vw, 615px\" \/><\/a><\/figure>\n\n\n\n<p class=\"has-medium-font-size\"><\/p>\n\n\n\n<p>. TF1 prod &amp; Sony Music France (Documentaire Jean Baptiste Gu\u00e9gan \/ USA &#8211; FRANCE)<\/p>\n\n\n\n<p>. New York Film Festival (S\u00e9lection Officielle documentaire ROULADAKAR \/ USA)<\/p>\n\n\n\n<p>. RENOFORS groupe AURIGE (Film corporate \/ FRANCE)<\/p>\n\n\n\n<p>. Label Mezoueds Records \/ Artiste COELHO (Clip vid\u00e9o \/ France\/Paris)<\/p>\n\n\n\n<p>. Tokyo International short film Festival (Documentaire Pool Bellido)<\/p>\n\n\n\n<p>. Edmenton short film festival (Vid\u00e9o 360\u00b0, UNITY 4 RIDE \/ Canada)<\/p>\n\n\n\n<p>. Amsterdam Lift-Off Film Festival (Vid\u00e9o 360\u00b0, UNITY 4 RIDE \/ Amsterdam)<\/p>\n\n\n\n<p>. Cine Pobre Film Festival (Documentaire Pool Bellido \/ Mexique)<\/p>\n\n\n\n<p>. Herbak medias x \u00d4sez Mauges (France\/Mauges)<\/p>\n\n\n\n<p>. Vast Be Mess production (France\/Paris-Nantes)<\/p>\n\n\n\n<p>. Miami Independent Film Festival (Documentaire \/ USA)<\/p>\n\n\n\n<p>. Nature Graphique, Digital Week ( Corporate \/ France-Nantes)<\/p>\n\n\n\n<p>. Ecowekk ( Corporate \/ P\u00e9rou)<\/p>\n\n\n\n<p>. ZestSkateboarding (France-P\u00e9rou)<\/p>\n\n\n\n<p>. Vertical Movie, festival (Film ESCALATOR \/ Rome) <\/p>\n\n\n\n<p>. Samoa x \u00cele de Nantes (France\/Nantes)<\/p>\n\n\n\n<p>. Vertical Film Festival (Film ESCALATOR \/ Prague)<\/p>\n\n\n\n<p>. Mus\u00e9e Ravensburg (Documentaire AU FIL DU PINCEAU \/ Allemagne)<\/p>\n\n\n\n<p>. Cinema interactive entreprise (France\/Nantes)<\/p>\n\n\n\n<p>. CarteBlanche.black (France\/Nantes)<\/p>\n\n\n\n<p>. SoFilm summer camp (France)<\/p>\n\n\n\n<p>. Nantes M\u00e9tropole&nbsp;<\/p>\n\n\n\n<p>. Ville de Nantes<\/p>\n\n\n\n<p>. Guest Advertising Production (France\/St-Tropez)<\/p>\n\n\n\n<p>. H2L production (Canada- QC)<\/p>\n\n\n\n<p>. Morta (France\/Bri\u00e8re) <\/p>\n\n\n\n<p>. Gens d\u2019\u00e9v\u00e9nement (France\/Nantes)<\/p>\n\n\n\n<p>. Cuiba Film (Canada-QC)<\/p>\n\n\n\n<p>. Close Acces TV (Canada-QC)<\/p>\n\n\n\n<p>. Plus de couleurs (France\/Nantes)<\/p>\n\n\n\n<p>. 13 productions x France 2 (France\/Paris) <\/p>\n\n\n\n<p>. Occamat EPC groupe (France)<\/p>\n\n\n\n<p>. Stellar Kin\u00e9matics (Canada-QC)<\/p>\n\n\n\n<p>. Bonne Pioche production x M6&nbsp;(France\/Paris)<\/p>\n\n\n\n<p>. Mercier Shape Design (France\/Nantes)<\/p>\n\n\n\n<p>. Scopitone (France\/Nantes)<\/p>\n\n\n\n<p>. Espresso Cycles (Mexico)<\/p>\n\n\n\n<p>. Bicycle film festival ( Vid\u00e9o BMX avec Alex Prenveille, SEUL CONTRE TOUS, New York &#8211; Paris)<\/p>\n\n\n\n<p>. Salon de la Moto de Pecquencourt x Full Gaz x RedBull (France\/Biarritz)<\/p>\n\n\n\n<p>. Les Bons Clients production x France 2 (France\/Paris)<\/p>\n\n\n\n<p>. Velovert magazine&nbsp;(France\/Paris)<\/p>\n\n\n\n<p>. Soul Bmx magazine&nbsp;(France\/Paris)<\/p>\n\n\n\n<p>. Trajectoires Cycles&nbsp;(France\/Nantes)<\/p>\n\n\n\n<p>. Le R\u00e9-Zo&nbsp;(France\/Nantes)<\/p>\n\n\n\n<p>. Input-Selector&nbsp;(France\/Nantes)<\/p>\n\n\n\n<p>. Koxx&nbsp;(France\/Paris)<\/p>\n\n\n\n<p>. Pink Bike <\/p>\n","protected":false},"excerpt":{"rendered":"<p>Vertical Movie Festival 2021 &#8211; VIVIROMA https:\/\/ridm.ca\/uploads\/document\/dcm_2015_web.pdf Nantes. Sur l&rsquo;\u00eele de Nantes les anciennes Halles Alstom transfigur\u00e9es (VID\u00c9O) &#8211; Nantes.maville.com Programmation 2022 &#8211; Nantes Digital Week https:\/\/docplayer.fr\/23272846-14-18-nov-doc-circuit-montreal-marche-du-documentaire-documentary-marketplace-doccircuitmontreal-ca.html TOTEM (Nantes Digital Week) &#8211; P\u00f4le Images &amp; R\u00e9seaux 28th NYAFF \u2014 maysles documentary center https:\/\/www.iledenantes.com\/wp-content\/uploads\/2019\/04\/dp-experiment-film-mars2019.pdf ROULADAKAR: Taking BMX to Dakar | Ride UK BMX Cine Pobre contributor [&hellip;]<\/p>\n","protected":false},"author":3,"featured_media":0,"parent":0,"menu_order":0,"comment_status":"closed","ping_status":"closed","template":"","meta":{"footnotes":""},"class_list":["post-1055","page","type-page","status-publish","hentry"],"aioseo_notices":[],"_links":{"self":[{"href":"https:\/\/ulysse.pro\/index.php?rest_route=\/wp\/v2\/pages\/1055","targetHints":{"allow":["GET"]}}],"collection":[{"href":"https:\/\/ulysse.pro\/index.php?rest_route=\/wp\/v2\/pages"}],"about":[{"href":"https:\/\/ulysse.pro\/index.php?rest_route=\/wp\/v2\/types\/page"}],"author":[{"embeddable":true,"href":"https:\/\/ulysse.pro\/index.php?rest_route=\/wp\/v2\/users\/3"}],"replies":[{"embeddable":true,"href":"https:\/\/ulysse.pro\/index.php?rest_route=%2Fwp%2Fv2%2Fcomments&post=1055"}],"version-history":[{"count":19,"href":"https:\/\/ulysse.pro\/index.php?rest_route=\/wp\/v2\/pages\/1055\/revisions"}],"predecessor-version":[{"id":1308,"href":"https:\/\/ulysse.pro\/index.php?rest_route=\/wp\/v2\/pages\/1055\/revisions\/1308"}],"wp:attachment":[{"href":"https:\/\/ulysse.pro\/index.php?rest_route=%2Fwp%2Fv2%2Fmedia&parent=1055"}],"curies":[{"name":"wp","href":"https:\/\/api.w.org\/{rel}","templated":true}]}}