{"id":1032,"date":"2019-05-15T06:32:33","date_gmt":"2019-05-15T06:32:33","guid":{"rendered":"http:\/\/ulysse.pro\/?page_id=1032"},"modified":"2019-05-15T06:34:20","modified_gmt":"2019-05-15T06:34:20","slug":"machu-picchu-vr","status":"publish","type":"page","link":"https:\/\/ulysse.pro\/?page_id=1032","title":{"rendered":"Machu Picchu VR"},"content":{"rendered":"\n<figure class=\"wp-block-embed-youtube wp-block-embed is-type-video is-provider-youtube wp-embed-aspect-16-9 wp-has-aspect-ratio\"><div class=\"wp-block-embed__wrapper\">\n<iframe loading=\"lazy\" title=\"Le MACHU PICCHU \u00e0 360\u00b0 \/ P\u00e9rou \/ VR\" width=\"1080\" height=\"608\" src=\"https:\/\/www.youtube.com\/embed\/FeVIgBsK8XI?feature=oembed\" frameborder=\"0\" allow=\"accelerometer; autoplay; encrypted-media; gyroscope; picture-in-picture\" allowfullscreen><\/iframe>\n<\/div><figcaption><br>Exp\u00e9rience 360\u00b0 au coeur du Machu Picchu. Apr\u00e8s 3 mois au P\u00e9rou \u00e0 grimper jusqu&rsquo;en haut des glaciers, descendre en bas des canyons les plus profonds au monde j&rsquo;ai pris conscience de la chance que j&rsquo;avais&#8230; La chance d&rsquo;avoir un physique et les finances me permettant de d\u00e9couvrir des lieux magiques qui vous marquent \u00e0 jamais. Ma cam\u00e9ra 360\u00b0 dans le sac \u00e0 dos, j&rsquo;ai voulu immortaliser ces endroits magnifiques avec l&rsquo;intention de partager cette exp\u00e9rience gratuitement pour permettre aux personnes \u00e0 mobilit\u00e9s r\u00e9duites de pouvoir vivre des instants clefs de mon voyage.  Images et montage \/ Ulysse Dikoum\u00e9 A <a rel=\"noreferrer noopener\" href=\"https:\/\/www.youtube.com\/redirect?event=video_description&amp;q=https%3A%2F%2Fwww.instagram.com%2Fulysse_d_a%2F&amp;redir_token=kmhTj4qXaZcgpgUZCmTssJjIIUV8MTU1Nzk4ODI1N0AxNTU3OTAxODU3&amp;v=FeVIgBsK8XI\" target=\"_blank\">https:\/\/www.instagram.com\/ulysse_d_a\/<\/a> <a rel=\"noreferrer noopener\" href=\"https:\/\/www.youtube.com\/redirect?event=video_description&amp;q=http%3A%2F%2Fulysse.pro%2F&amp;redir_token=kmhTj4qXaZcgpgUZCmTssJjIIUV8MTU1Nzk4ODI1N0AxNTU3OTAxODU3&amp;v=FeVIgBsK8XI\" target=\"_blank\">http:\/\/ulysse.pro\/<\/a><\/figcaption><\/figure>\n","protected":false},"excerpt":{"rendered":"https:\/\/www.youtube.com\/watch?v=FeVIgBsK8XI Exp\u00e9rience 360\u00b0 au coeur du Machu Picchu. Apr\u00e8s 3 mois au P\u00e9rou \u00e0 grimper jusqu'en haut des glaciers, descendre en bas des canyons les plus profonds au monde j'ai pris conscience de la chance que j'avais... La chance d'avoir un physique et les finances me permettant de d\u00e9couvrir des lieux magiques qui vous marquent [...]","protected":false},"author":3,"featured_media":0,"parent":923,"menu_order":0,"comment_status":"closed","ping_status":"closed","template":"","meta":{"footnotes":""},"class_list":["post-1032","page","type-page","status-publish","hentry"],"aioseo_notices":[],"_links":{"self":[{"href":"https:\/\/ulysse.pro\/index.php?rest_route=\/wp\/v2\/pages\/1032","targetHints":{"allow":["GET"]}}],"collection":[{"href":"https:\/\/ulysse.pro\/index.php?rest_route=\/wp\/v2\/pages"}],"about":[{"href":"https:\/\/ulysse.pro\/index.php?rest_route=\/wp\/v2\/types\/page"}],"author":[{"embeddable":true,"href":"https:\/\/ulysse.pro\/index.php?rest_route=\/wp\/v2\/users\/3"}],"replies":[{"embeddable":true,"href":"https:\/\/ulysse.pro\/index.php?rest_route=%2Fwp%2Fv2%2Fcomments&post=1032"}],"version-history":[{"count":3,"href":"https:\/\/ulysse.pro\/index.php?rest_route=\/wp\/v2\/pages\/1032\/revisions"}],"predecessor-version":[{"id":1035,"href":"https:\/\/ulysse.pro\/index.php?rest_route=\/wp\/v2\/pages\/1032\/revisions\/1035"}],"up":[{"embeddable":true,"href":"https:\/\/ulysse.pro\/index.php?rest_route=\/wp\/v2\/pages\/923"}],"wp:attachment":[{"href":"https:\/\/ulysse.pro\/index.php?rest_route=%2Fwp%2Fv2%2Fmedia&parent=1032"}],"curies":[{"name":"wp","href":"https:\/\/api.w.org\/{rel}","templated":true}]}}